{"id":1278,"date":"2021-08-24T13:39:55","date_gmt":"2021-08-24T11:39:55","guid":{"rendered":"https:\/\/hopi.bzh\/?page_id=1278"},"modified":"2021-09-14T13:42:49","modified_gmt":"2021-09-14T11:42:49","slug":"a-propos","status":"publish","type":"page","link":"https:\/\/hopi.bzh\/index.php\/a-propos\/","title":{"rendered":"\u00c0 propos"},"content":{"rendered":"\t\t<div data-elementor-type=\"wp-page\" data-elementor-id=\"1278\" class=\"elementor elementor-1278\" data-elementor-post-type=\"page\">\n\t\t\t\t\t\t<section class=\"elementor-section elementor-top-section elementor-element elementor-element-6cadcbe elementor-section-full_width elementor-section-height-default elementor-section-height-default\" data-id=\"6cadcbe\" data-element_type=\"section\" data-e-type=\"section\">\n\t\t\t\t\t\t<div class=\"elementor-container elementor-column-gap-no\">\n\t\t\t\t\t<div class=\"elementor-column elementor-col-100 elementor-top-column elementor-element elementor-element-3191c4da\" data-id=\"3191c4da\" data-element_type=\"column\" data-e-type=\"column\">\n\t\t\t<div class=\"elementor-widget-wrap elementor-element-populated\">\n\t\t\t\t\t\t<section class=\"elementor-section elementor-inner-section elementor-element elementor-element-1d31dff9 elementor-section-boxed elementor-section-height-default elementor-section-height-default\" data-id=\"1d31dff9\" data-element_type=\"section\" data-e-type=\"section\">\n\t\t\t\t\t\t<div class=\"elementor-container elementor-column-gap-no\">\n\t\t\t\t\t<div class=\"elementor-column elementor-col-100 elementor-inner-column elementor-element elementor-element-477ed354\" data-id=\"477ed354\" data-element_type=\"column\" data-e-type=\"column\">\n\t\t\t<div class=\"elementor-widget-wrap elementor-element-populated\">\n\t\t\t\t\t\t<div class=\"elementor-element elementor-element-2b991c68 elementor-widget elementor-widget-heading\" data-id=\"2b991c68\" data-element_type=\"widget\" data-e-type=\"widget\" data-widget_type=\"heading.default\">\n\t\t\t\t<div class=\"elementor-widget-container\">\n\t\t\t\t\t<h2 class=\"elementor-heading-title elementor-size-default\">\u00c0 PROPOS D'HOPI !<\/h2>\t\t\t\t<\/div>\n\t\t\t\t<\/div>\n\t\t\t\t<div class=\"elementor-element elementor-element-7aa6206e elementor-invisible elementor-widget elementor-widget-text-editor\" data-id=\"7aa6206e\" data-element_type=\"widget\" data-e-type=\"widget\" data-settings=\"{&quot;_animation&quot;:&quot;fadeIn&quot;}\" data-widget_type=\"text-editor.default\">\n\t\t\t\t<div class=\"elementor-widget-container\">\n\t\t\t\t\t\t\t\t\t<p>Nous sommes un cabinet-conseil phygital comptable et strat\u00e9gique. Facilitateur de la vie entrepreneurial, nous privil\u00e9gions l\u2019optimisation des co\u00fbts et la performance des processus administratifs. Notre objectif est de disposer d\u2019informations comptables et financi\u00e8res au jour le jour pour les entreprises clientes afin d\u2019accompagner et de conseiller au mieux leurs dirigeants.<\/p><p>HOPI fait r\u00e9f\u00e9rence aux indiens Hopis qui se sont fait une r\u00e9putation par leur travail de l\u2019argent\u00a0!<\/p><p><strong>Nous vous conseillons au c\u0153ur de votre entreprise.<\/strong><\/p>\t\t\t\t\t\t\t\t<\/div>\n\t\t\t\t<\/div>\n\t\t\t\t\t<\/div>\n\t\t<\/div>\n\t\t\t\t\t<\/div>\n\t\t<\/section>\n\t\t\t\t\t<\/div>\n\t\t<\/div>\n\t\t\t\t\t<\/div>\n\t\t<\/section>\n\t\t\t\t<section class=\"elementor-section elementor-top-section elementor-element elementor-element-463880d2 elementor-section-full_width elementor-section-content-middle elementor-section-height-default elementor-section-height-default\" data-id=\"463880d2\" data-element_type=\"section\" data-e-type=\"section\" data-settings=\"{&quot;background_background&quot;:&quot;classic&quot;}\">\n\t\t\t\t\t\t<div class=\"elementor-container elementor-column-gap-no\">\n\t\t\t\t\t<div class=\"elementor-column elementor-col-100 elementor-top-column elementor-element elementor-element-7c312a67\" data-id=\"7c312a67\" data-element_type=\"column\" data-e-type=\"column\">\n\t\t\t<div class=\"elementor-widget-wrap elementor-element-populated\">\n\t\t\t\t\t\t<div class=\"elementor-element elementor-element-41dad1bc elementor-invisible elementor-widget elementor-widget-heading\" data-id=\"41dad1bc\" data-element_type=\"widget\" data-e-type=\"widget\" data-settings=\"{&quot;_animation&quot;:&quot;fadeInDown&quot;}\" data-widget_type=\"heading.default\">\n\t\t\t\t<div class=\"elementor-widget-container\">\n\t\t\t\t\t<h6 class=\"elementor-heading-title elementor-size-default\">Notre VISON<\/h6>\t\t\t\t<\/div>\n\t\t\t\t<\/div>\n\t\t\t\t<div class=\"elementor-element elementor-element-7beb6236 elementor-widget elementor-widget-heading\" data-id=\"7beb6236\" data-element_type=\"widget\" data-e-type=\"widget\" data-widget_type=\"heading.default\">\n\t\t\t\t<div class=\"elementor-widget-container\">\n\t\t\t\t\t<h3 class=\"elementor-heading-title elementor-size-default\">Devenir le partenaire expert et privil\u00e9gi\u00e9 du chef d\u2019entreprise, pour l\u2019accompagner dans son quotidien administratif et strat\u00e9gique.<\/h3>\t\t\t\t<\/div>\n\t\t\t\t<\/div>\n\t\t\t\t\t<\/div>\n\t\t<\/div>\n\t\t\t\t\t<\/div>\n\t\t<\/section>\n\t\t\t\t<section class=\"elementor-section elementor-top-section elementor-element elementor-element-578abdc0 elementor-section-full_width elementor-section-content-middle elementor-reverse-mobile elementor-section-height-default elementor-section-height-default\" data-id=\"578abdc0\" data-element_type=\"section\" data-e-type=\"section\" data-settings=\"{&quot;background_background&quot;:&quot;classic&quot;}\">\n\t\t\t\t\t\t\t<div class=\"elementor-background-overlay\"><\/div>\n\t\t\t\t\t\t\t<div class=\"elementor-container elementor-column-gap-no\">\n\t\t\t\t\t<div class=\"elementor-column elementor-col-66 elementor-top-column elementor-element elementor-element-54adcbd0\" data-id=\"54adcbd0\" data-element_type=\"column\" data-e-type=\"column\" data-settings=\"{&quot;background_background&quot;:&quot;classic&quot;}\">\n\t\t\t<div class=\"elementor-widget-wrap elementor-element-populated\">\n\t\t\t\t\t\t<section class=\"elementor-section elementor-inner-section elementor-element elementor-element-729afbad elementor-section-boxed elementor-section-height-default elementor-section-height-default\" data-id=\"729afbad\" data-element_type=\"section\" data-e-type=\"section\" data-settings=\"{&quot;background_background&quot;:&quot;classic&quot;}\">\n\t\t\t\t\t\t<div class=\"elementor-container elementor-column-gap-no\">\n\t\t\t\t\t<div class=\"elementor-column elementor-col-100 elementor-inner-column elementor-element elementor-element-245a74f0\" data-id=\"245a74f0\" data-element_type=\"column\" data-e-type=\"column\">\n\t\t\t<div class=\"elementor-widget-wrap elementor-element-populated\">\n\t\t\t\t\t\t<div class=\"elementor-element elementor-element-363ea82 elementor-widget elementor-widget-heading\" data-id=\"363ea82\" data-element_type=\"widget\" data-e-type=\"widget\" data-widget_type=\"heading.default\">\n\t\t\t\t<div class=\"elementor-widget-container\">\n\t\t\t\t\t<h2 class=\"elementor-heading-title elementor-size-default\">Pierrick Le Ray <\/h2>\t\t\t\t<\/div>\n\t\t\t\t<\/div>\n\t\t\t\t<div class=\"elementor-element elementor-element-db1eab9 elementor-widget elementor-widget-heading\" data-id=\"db1eab9\" data-element_type=\"widget\" data-e-type=\"widget\" data-widget_type=\"heading.default\">\n\t\t\t\t<div class=\"elementor-widget-container\">\n\t\t\t\t\t<h2 class=\"elementor-heading-title elementor-size-default\">ASSOCI\u00c9 G\u00c9RANT CHEZ HOPI EXPERTISE COMPTABLE<\/h2>\t\t\t\t<\/div>\n\t\t\t\t<\/div>\n\t\t\t\t<div class=\"elementor-element elementor-element-53b183d elementor-widget elementor-widget-text-editor\" data-id=\"53b183d\" data-element_type=\"widget\" data-e-type=\"widget\" data-widget_type=\"text-editor.default\">\n\t\t\t\t<div class=\"elementor-widget-container\">\n\t\t\t\t\t\t\t\t\t<p>Expert-comptable associ\u00e9 d&rsquo;un cabinet de 50 salari\u00e9s, consultant en fusion-acquisition, directeur financier d&rsquo;un groupe de 180 salari\u00e9s sur 6 sites, responsable de l&rsquo;int\u00e9gration d&rsquo;une PME au sein d&rsquo;un groupe international, ces exp\u00e9riences m&rsquo;ont permis de d\u00e9velopper une passion pour l&rsquo;Entreprise et leurs dirigeants.<\/p>\t\t\t\t\t\t\t\t<\/div>\n\t\t\t\t<\/div>\n\t\t\t\t\t<\/div>\n\t\t<\/div>\n\t\t\t\t\t<\/div>\n\t\t<\/section>\n\t\t\t\t\t<\/div>\n\t\t<\/div>\n\t\t\t\t<div class=\"elementor-column elementor-col-33 elementor-top-column elementor-element elementor-element-658dfff7\" data-id=\"658dfff7\" data-element_type=\"column\" data-e-type=\"column\" data-settings=\"{&quot;background_background&quot;:&quot;classic&quot;}\">\n\t\t\t<div class=\"elementor-widget-wrap elementor-element-populated\">\n\t\t\t\t\t\t<div class=\"elementor-element elementor-element-66f001ac elementor-widget__width-auto elementor-widget elementor-widget-heading\" data-id=\"66f001ac\" data-element_type=\"widget\" data-e-type=\"widget\" data-settings=\"{&quot;motion_fx_motion_fx_scrolling&quot;:&quot;yes&quot;,&quot;motion_fx_translateX_effect&quot;:&quot;yes&quot;,&quot;motion_fx_translateX_direction&quot;:&quot;negative&quot;,&quot;motion_fx_translateX_affectedRange&quot;:{&quot;unit&quot;:&quot;%&quot;,&quot;size&quot;:&quot;&quot;,&quot;sizes&quot;:{&quot;start&quot;:&quot;0&quot;,&quot;end&quot;:&quot;50&quot;}},&quot;motion_fx_translateX_speed&quot;:{&quot;unit&quot;:&quot;px&quot;,&quot;size&quot;:&quot;1&quot;,&quot;sizes&quot;:[]},&quot;motion_fx_devices&quot;:[&quot;desktop&quot;,&quot;tablet&quot;,&quot;mobile&quot;]}\" data-widget_type=\"heading.default\">\n\t\t\t\t<div class=\"elementor-widget-container\">\n\t\t\t\t\t<span class=\"elementor-heading-title elementor-size-default\">expert<\/span>\t\t\t\t<\/div>\n\t\t\t\t<\/div>\n\t\t\t\t\t<\/div>\n\t\t<\/div>\n\t\t\t\t\t<\/div>\n\t\t<\/section>\n\t\t\t\t<section class=\"elementor-section elementor-top-section elementor-element elementor-element-17cccd1 elementor-section-full_width elementor-section-height-default elementor-section-height-default\" data-id=\"17cccd1\" data-element_type=\"section\" data-e-type=\"section\" data-settings=\"{&quot;background_background&quot;:&quot;classic&quot;}\">\n\t\t\t\t\t\t<div class=\"elementor-container elementor-column-gap-no\">\n\t\t\t\t\t<div class=\"elementor-column elementor-col-100 elementor-top-column elementor-element elementor-element-488fa019\" data-id=\"488fa019\" data-element_type=\"column\" data-e-type=\"column\">\n\t\t\t<div class=\"elementor-widget-wrap elementor-element-populated\">\n\t\t\t\t\t\t<div class=\"elementor-element elementor-element-59e9a97b animated-slow elementor-invisible elementor-widget elementor-widget-heading\" data-id=\"59e9a97b\" data-element_type=\"widget\" data-e-type=\"widget\" data-settings=\"{&quot;_animation&quot;:&quot;slideInRight&quot;}\" data-widget_type=\"heading.default\">\n\t\t\t\t<div class=\"elementor-widget-container\">\n\t\t\t\t\t<h4 class=\"elementor-heading-title elementor-size-default\">R\u00c9SILIENCE - SIMPLICIT\u00c9 - INTELLIGENCE - INNOVATION<\/h4>\t\t\t\t<\/div>\n\t\t\t\t<\/div>\n\t\t\t\t\t<\/div>\n\t\t<\/div>\n\t\t\t\t\t<\/div>\n\t\t<\/section>\n\t\t\t\t<\/div>\n\t\t","protected":false},"excerpt":{"rendered":"<p>\u00c0 PROPOS D&rsquo;HOPI ! Nous sommes un cabinet-conseil phygital comptable et strat\u00e9gique. Facilitateur de la vie entrepreneurial, nous privil\u00e9gions l\u2019optimisation des co\u00fbts et la performance des processus administratifs. Notre objectif est de disposer d\u2019informations comptables et financi\u00e8res au jour le jour pour les entreprises clientes afin d\u2019accompagner et de conseiller au mieux leurs dirigeants. HOPI [&hellip;]<\/p>\n","protected":false},"author":1,"featured_media":0,"parent":0,"menu_order":2,"comment_status":"closed","ping_status":"closed","template":"elementor_header_footer","meta":{"footnotes":""},"class_list":["post-1278","page","type-page","status-publish","hentry"],"yoast_head":"<!-- This site is optimized with the Yoast SEO plugin v25.6 - https:\/\/yoast.com\/wordpress\/plugins\/seo\/ -->\n<title>\u00c0 propos - Hopi<\/title>\n<meta name=\"description\" content=\"Devenir le partenaire privil\u00e9gi\u00e9 du chef d&#039;entreprise, pour l&#039;accompagner dans son quotidien administratif et strat\u00e9gique.\" \/>\n<meta name=\"robots\" content=\"index, follow, max-snippet:-1, max-image-preview:large, max-video-preview:-1\" \/>\n<link rel=\"canonical\" href=\"https:\/\/hopi.bzh\/index.php\/a-propos\/\" \/>\n<meta property=\"og:locale\" content=\"fr_FR\" \/>\n<meta property=\"og:type\" content=\"article\" \/>\n<meta property=\"og:title\" content=\"Hopi, nous vous conseillons au c\u0153ur de votre entreprise.\" \/>\n<meta property=\"og:description\" content=\"Devenir le partenaire privil\u00e9gi\u00e9 du chef d&#039;entreprise, pour l&#039;accompagner dans son quotidien administratif et strat\u00e9gique.\" \/>\n<meta property=\"og:url\" content=\"https:\/\/hopi.bzh\/index.php\/a-propos\/\" \/>\n<meta property=\"og:site_name\" content=\"Hopi\" \/>\n<meta property=\"article:modified_time\" content=\"2021-09-14T11:42:49+00:00\" \/>\n<meta name=\"twitter:card\" content=\"summary_large_image\" \/>\n<meta name=\"twitter:label1\" content=\"Dur\u00e9e de lecture estim\u00e9e\" \/>\n\t<meta name=\"twitter:data1\" content=\"1 minute\" \/>\n<script type=\"application\/ld+json\" class=\"yoast-schema-graph\">{\"@context\":\"https:\/\/schema.org\",\"@graph\":[{\"@type\":\"WebPage\",\"@id\":\"https:\/\/hopi.bzh\/index.php\/a-propos\/\",\"url\":\"https:\/\/hopi.bzh\/index.php\/a-propos\/\",\"name\":\"\u00c0 propos - Hopi\",\"isPartOf\":{\"@id\":\"https:\/\/hopi.bzh\/#website\"},\"datePublished\":\"2021-08-24T11:39:55+00:00\",\"dateModified\":\"2021-09-14T11:42:49+00:00\",\"description\":\"Devenir le partenaire privil\u00e9gi\u00e9 du chef d'entreprise, pour l'accompagner dans son quotidien administratif et strat\u00e9gique.\",\"breadcrumb\":{\"@id\":\"https:\/\/hopi.bzh\/index.php\/a-propos\/#breadcrumb\"},\"inLanguage\":\"fr-FR\",\"potentialAction\":[{\"@type\":\"ReadAction\",\"target\":[\"https:\/\/hopi.bzh\/index.php\/a-propos\/\"]}]},{\"@type\":\"BreadcrumbList\",\"@id\":\"https:\/\/hopi.bzh\/index.php\/a-propos\/#breadcrumb\",\"itemListElement\":[{\"@type\":\"ListItem\",\"position\":1,\"name\":\"Accueil\",\"item\":\"https:\/\/hopi.bzh\/\"},{\"@type\":\"ListItem\",\"position\":2,\"name\":\"\u00c0 propos\"}]},{\"@type\":\"WebSite\",\"@id\":\"https:\/\/hopi.bzh\/#website\",\"url\":\"https:\/\/hopi.bzh\/\",\"name\":\"Hopi\",\"description\":\"Conseil en strat\u00e9gie d&#039;entreprise.\",\"publisher\":{\"@id\":\"https:\/\/hopi.bzh\/#organization\"},\"potentialAction\":[{\"@type\":\"SearchAction\",\"target\":{\"@type\":\"EntryPoint\",\"urlTemplate\":\"https:\/\/hopi.bzh\/?s={search_term_string}\"},\"query-input\":{\"@type\":\"PropertyValueSpecification\",\"valueRequired\":true,\"valueName\":\"search_term_string\"}}],\"inLanguage\":\"fr-FR\"},{\"@type\":\"Organization\",\"@id\":\"https:\/\/hopi.bzh\/#organization\",\"name\":\"Hopi\",\"url\":\"https:\/\/hopi.bzh\/\",\"logo\":{\"@type\":\"ImageObject\",\"inLanguage\":\"fr-FR\",\"@id\":\"https:\/\/hopi.bzh\/#\/schema\/logo\/image\/\",\"url\":\"https:\/\/hopi.bzh\/wp-content\/uploads\/2021\/04\/Logo-hopi-horizontale-texte.png\",\"contentUrl\":\"https:\/\/hopi.bzh\/wp-content\/uploads\/2021\/04\/Logo-hopi-horizontale-texte.png\",\"width\":1599,\"height\":307,\"caption\":\"Hopi\"},\"image\":{\"@id\":\"https:\/\/hopi.bzh\/#\/schema\/logo\/image\/\"}}]}<\/script>\n<!-- \/ Yoast SEO plugin. -->","yoast_head_json":{"title":"\u00c0 propos - Hopi","description":"Devenir le partenaire privil\u00e9gi\u00e9 du chef d'entreprise, pour l'accompagner dans son quotidien administratif et strat\u00e9gique.","robots":{"index":"index","follow":"follow","max-snippet":"max-snippet:-1","max-image-preview":"max-image-preview:large","max-video-preview":"max-video-preview:-1"},"canonical":"https:\/\/hopi.bzh\/index.php\/a-propos\/","og_locale":"fr_FR","og_type":"article","og_title":"Hopi, nous vous conseillons au c\u0153ur de votre entreprise.","og_description":"Devenir le partenaire privil\u00e9gi\u00e9 du chef d'entreprise, pour l'accompagner dans son quotidien administratif et strat\u00e9gique.","og_url":"https:\/\/hopi.bzh\/index.php\/a-propos\/","og_site_name":"Hopi","article_modified_time":"2021-09-14T11:42:49+00:00","twitter_card":"summary_large_image","twitter_misc":{"Dur\u00e9e de lecture estim\u00e9e":"1 minute"},"schema":{"@context":"https:\/\/schema.org","@graph":[{"@type":"WebPage","@id":"https:\/\/hopi.bzh\/index.php\/a-propos\/","url":"https:\/\/hopi.bzh\/index.php\/a-propos\/","name":"\u00c0 propos - Hopi","isPartOf":{"@id":"https:\/\/hopi.bzh\/#website"},"datePublished":"2021-08-24T11:39:55+00:00","dateModified":"2021-09-14T11:42:49+00:00","description":"Devenir le partenaire privil\u00e9gi\u00e9 du chef d'entreprise, pour l'accompagner dans son quotidien administratif et strat\u00e9gique.","breadcrumb":{"@id":"https:\/\/hopi.bzh\/index.php\/a-propos\/#breadcrumb"},"inLanguage":"fr-FR","potentialAction":[{"@type":"ReadAction","target":["https:\/\/hopi.bzh\/index.php\/a-propos\/"]}]},{"@type":"BreadcrumbList","@id":"https:\/\/hopi.bzh\/index.php\/a-propos\/#breadcrumb","itemListElement":[{"@type":"ListItem","position":1,"name":"Accueil","item":"https:\/\/hopi.bzh\/"},{"@type":"ListItem","position":2,"name":"\u00c0 propos"}]},{"@type":"WebSite","@id":"https:\/\/hopi.bzh\/#website","url":"https:\/\/hopi.bzh\/","name":"Hopi","description":"Conseil en strat\u00e9gie d&#039;entreprise.","publisher":{"@id":"https:\/\/hopi.bzh\/#organization"},"potentialAction":[{"@type":"SearchAction","target":{"@type":"EntryPoint","urlTemplate":"https:\/\/hopi.bzh\/?s={search_term_string}"},"query-input":{"@type":"PropertyValueSpecification","valueRequired":true,"valueName":"search_term_string"}}],"inLanguage":"fr-FR"},{"@type":"Organization","@id":"https:\/\/hopi.bzh\/#organization","name":"Hopi","url":"https:\/\/hopi.bzh\/","logo":{"@type":"ImageObject","inLanguage":"fr-FR","@id":"https:\/\/hopi.bzh\/#\/schema\/logo\/image\/","url":"https:\/\/hopi.bzh\/wp-content\/uploads\/2021\/04\/Logo-hopi-horizontale-texte.png","contentUrl":"https:\/\/hopi.bzh\/wp-content\/uploads\/2021\/04\/Logo-hopi-horizontale-texte.png","width":1599,"height":307,"caption":"Hopi"},"image":{"@id":"https:\/\/hopi.bzh\/#\/schema\/logo\/image\/"}}]}},"_links":{"self":[{"href":"https:\/\/hopi.bzh\/index.php\/wp-json\/wp\/v2\/pages\/1278"}],"collection":[{"href":"https:\/\/hopi.bzh\/index.php\/wp-json\/wp\/v2\/pages"}],"about":[{"href":"https:\/\/hopi.bzh\/index.php\/wp-json\/wp\/v2\/types\/page"}],"author":[{"embeddable":true,"href":"https:\/\/hopi.bzh\/index.php\/wp-json\/wp\/v2\/users\/1"}],"replies":[{"embeddable":true,"href":"https:\/\/hopi.bzh\/index.php\/wp-json\/wp\/v2\/comments?post=1278"}],"version-history":[{"count":112,"href":"https:\/\/hopi.bzh\/index.php\/wp-json\/wp\/v2\/pages\/1278\/revisions"}],"predecessor-version":[{"id":1816,"href":"https:\/\/hopi.bzh\/index.php\/wp-json\/wp\/v2\/pages\/1278\/revisions\/1816"}],"wp:attachment":[{"href":"https:\/\/hopi.bzh\/index.php\/wp-json\/wp\/v2\/media?parent=1278"}],"curies":[{"name":"wp","href":"https:\/\/api.w.org\/{rel}","templated":true}]}}