{"id":19,"date":"2021-04-07T12:53:14","date_gmt":"2021-04-07T10:53:14","guid":{"rendered":"https:\/\/hopi.bzh\/?page_id=19"},"modified":"2022-05-02T17:22:29","modified_gmt":"2022-05-02T15:22:29","slug":"contact","status":"publish","type":"page","link":"https:\/\/hopi.bzh\/index.php\/contact\/","title":{"rendered":"Contact"},"content":{"rendered":"\t\t<div data-elementor-type=\"wp-page\" data-elementor-id=\"19\" class=\"elementor elementor-19\" data-elementor-post-type=\"page\">\n\t\t\t\t\t\t<section class=\"elementor-section elementor-top-section elementor-element elementor-element-34b85da2 elementor-section-full_width elementor-section-height-min-height elementor-section-items-stretch elementor-section-content-middle elementor-section-height-default\" data-id=\"34b85da2\" data-element_type=\"section\" data-e-type=\"section\">\n\t\t\t\t\t\t<div class=\"elementor-container elementor-column-gap-no\">\n\t\t\t\t\t<div class=\"elementor-column elementor-col-50 elementor-top-column elementor-element elementor-element-6840906b\" data-id=\"6840906b\" data-element_type=\"column\" data-e-type=\"column\" data-settings=\"{&quot;background_background&quot;:&quot;classic&quot;,&quot;background_motion_fx_motion_fx_scrolling&quot;:&quot;yes&quot;,&quot;background_motion_fx_devices&quot;:[&quot;desktop&quot;,&quot;tablet&quot;,&quot;mobile&quot;]}\">\n\t\t\t<div class=\"elementor-widget-wrap elementor-element-populated\">\n\t\t\t\t\t\t<div class=\"elementor-element elementor-element-a5c3e05 elementor-widget elementor-widget-spacer\" data-id=\"a5c3e05\" data-element_type=\"widget\" data-e-type=\"widget\" data-widget_type=\"spacer.default\">\n\t\t\t\t<div class=\"elementor-widget-container\">\n\t\t\t\t\t\t\t<div class=\"elementor-spacer\">\n\t\t\t<div class=\"elementor-spacer-inner\"><\/div>\n\t\t<\/div>\n\t\t\t\t\t\t<\/div>\n\t\t\t\t<\/div>\n\t\t\t\t\t<\/div>\n\t\t<\/div>\n\t\t\t\t<div class=\"elementor-column elementor-col-50 elementor-top-column elementor-element elementor-element-46e2c8e3\" data-id=\"46e2c8e3\" data-element_type=\"column\" data-e-type=\"column\" data-settings=\"{&quot;background_background&quot;:&quot;classic&quot;}\">\n\t\t\t<div class=\"elementor-widget-wrap elementor-element-populated\">\n\t\t\t\t\t\t<div class=\"elementor-element elementor-element-4960ddf5 elementor-widget elementor-widget-heading\" data-id=\"4960ddf5\" data-element_type=\"widget\" data-e-type=\"widget\" data-widget_type=\"heading.default\">\n\t\t\t\t<div class=\"elementor-widget-container\">\n\t\t\t\t\t<h2 class=\"elementor-heading-title elementor-size-default\">Contactez nous<\/h2>\t\t\t\t<\/div>\n\t\t\t\t<\/div>\n\t\t\t\t<div class=\"elementor-element elementor-element-6f3eb367 animated-slow elementor-invisible elementor-widget elementor-widget-heading\" data-id=\"6f3eb367\" data-element_type=\"widget\" data-e-type=\"widget\" data-settings=\"{&quot;_animation&quot;:&quot;fadeInDown&quot;}\" data-widget_type=\"heading.default\">\n\t\t\t\t<div class=\"elementor-widget-container\">\n\t\t\t\t\t<h6 class=\"elementor-heading-title elementor-size-default\">Pour  un rendez-vous, appelez nous s'il vous pla\u00eet.<br> Nous serons ravis de vous apportez notre soutient!<\/h6>\t\t\t\t<\/div>\n\t\t\t\t<\/div>\n\t\t\t\t<div class=\"elementor-element elementor-element-26b5ca7a animated-slow elementor-invisible elementor-widget elementor-widget-text-editor\" data-id=\"26b5ca7a\" data-element_type=\"widget\" data-e-type=\"widget\" data-settings=\"{&quot;_animation&quot;:&quot;fadeIn&quot;}\" data-widget_type=\"text-editor.default\">\n\t\t\t\t<div class=\"elementor-widget-container\">\n\t\t\t\t\t\t\t\t\t<p><strong>T\u00e9l\u00e9phone:<\/strong><br \/>06-24-82-22-91<\/p><p><strong>Adresse:<\/strong><br \/>26 rue de la Paix<br \/>35800 Dinard<\/p>\t\t\t\t\t\t\t\t<\/div>\n\t\t\t\t<\/div>\n\t\t\t\t\t<\/div>\n\t\t<\/div>\n\t\t\t\t\t<\/div>\n\t\t<\/section>\n\t\t\t\t<section class=\"elementor-section elementor-top-section elementor-element elementor-element-58a2cccc elementor-section-full_width elementor-section-height-default elementor-section-height-default\" data-id=\"58a2cccc\" data-element_type=\"section\" data-e-type=\"section\" data-settings=\"{&quot;background_background&quot;:&quot;classic&quot;}\">\n\t\t\t\t\t\t<div class=\"elementor-container elementor-column-gap-no\">\n\t\t\t\t\t<div class=\"elementor-column elementor-col-100 elementor-top-column elementor-element elementor-element-4d264409\" data-id=\"4d264409\" data-element_type=\"column\" data-e-type=\"column\">\n\t\t\t<div class=\"elementor-widget-wrap elementor-element-populated\">\n\t\t\t\t\t\t<section class=\"elementor-section elementor-inner-section elementor-element elementor-element-44886634 elementor-section-boxed elementor-section-height-default elementor-section-height-default\" data-id=\"44886634\" data-element_type=\"section\" data-e-type=\"section\">\n\t\t\t\t\t\t<div class=\"elementor-container elementor-column-gap-no\">\n\t\t\t\t\t<div class=\"elementor-column elementor-col-100 elementor-inner-column elementor-element elementor-element-73d2d7da\" data-id=\"73d2d7da\" data-element_type=\"column\" data-e-type=\"column\">\n\t\t\t<div class=\"elementor-widget-wrap elementor-element-populated\">\n\t\t\t\t\t\t<div class=\"elementor-element elementor-element-36a7d067 elementor-widget elementor-widget-heading\" data-id=\"36a7d067\" data-element_type=\"widget\" data-e-type=\"widget\" data-widget_type=\"heading.default\">\n\t\t\t\t<div class=\"elementor-widget-container\">\n\t\t\t\t\t<h2 class=\"elementor-heading-title elementor-size-default\">Pour toutes vos demandes<\/h2>\t\t\t\t<\/div>\n\t\t\t\t<\/div>\n\t\t\t\t<div class=\"elementor-element elementor-element-481a6d8b elementor-invisible elementor-widget elementor-widget-text-editor\" data-id=\"481a6d8b\" data-element_type=\"widget\" data-e-type=\"widget\" data-settings=\"{&quot;_animation&quot;:&quot;fadeIn&quot;}\" data-widget_type=\"text-editor.default\">\n\t\t\t\t<div class=\"elementor-widget-container\">\n\t\t\t\t\t\t\t\t\t<p>Nous vous invitons \u00e0 remplir le formulaire et serons heureux de r\u00e9pondre \u00e0 toutes vos questions dans les plus bref d\u00e9lais.<\/p>\t\t\t\t\t\t\t\t<\/div>\n\t\t\t\t<\/div>\n\t\t\t\t\t<\/div>\n\t\t<\/div>\n\t\t\t\t\t<\/div>\n\t\t<\/section>\n\t\t\t\t<div class=\"elementor-element elementor-element-72064617 elementor-button-align-center elementor-widget elementor-widget-form\" data-id=\"72064617\" data-element_type=\"widget\" data-e-type=\"widget\" data-settings=\"{&quot;step_next_label&quot;:&quot;Next&quot;,&quot;step_previous_label&quot;:&quot;Previous&quot;,&quot;button_width&quot;:&quot;100&quot;,&quot;step_type&quot;:&quot;number_text&quot;,&quot;step_icon_shape&quot;:&quot;circle&quot;}\" data-widget_type=\"form.default\">\n\t\t\t\t<div class=\"elementor-widget-container\">\n\t\t\t\t\t\t\t<form class=\"elementor-form\" method=\"post\" name=\"Contact Form\" aria-label=\"Contact Form\">\n\t\t\t<input type=\"hidden\" name=\"post_id\" value=\"19\"\/>\n\t\t\t<input type=\"hidden\" name=\"form_id\" value=\"72064617\"\/>\n\t\t\t<input type=\"hidden\" name=\"referer_title\" value=\"Contact - Hopi\" \/>\n\n\t\t\t\t\t\t\t<input type=\"hidden\" name=\"queried_id\" value=\"19\"\/>\n\t\t\t\n\t\t\t<div class=\"elementor-form-fields-wrapper elementor-labels-\">\n\t\t\t\t\t\t\t\t<div class=\"elementor-field-type-text elementor-field-group elementor-column elementor-field-group-field_436f233 elementor-col-50\">\n\t\t\t\t\t\t\t\t\t\t\t\t<label for=\"form-field-field_436f233\" class=\"elementor-field-label elementor-screen-only\">\n\t\t\t\t\t\t\t\tNom\t\t\t\t\t\t\t<\/label>\n\t\t\t\t\t\t\t\t\t\t\t\t\t\t<input size=\"1\" type=\"text\" name=\"form_fields[field_436f233]\" id=\"form-field-field_436f233\" class=\"elementor-field elementor-size-sm  elementor-field-textual\" placeholder=\"Nom\">\n\t\t\t\t\t\t\t\t\t\t\t<\/div>\n\t\t\t\t\t\t\t\t<div class=\"elementor-field-type-tel elementor-field-group elementor-column elementor-field-group-field_13f8176 elementor-col-50\">\n\t\t\t\t\t\t\t\t\t\t\t\t<label for=\"form-field-field_13f8176\" class=\"elementor-field-label elementor-screen-only\">\n\t\t\t\t\t\t\t\tT\u00e9l\u00e9phone\t\t\t\t\t\t\t<\/label>\n\t\t\t\t\t\t\t\t<input size=\"1\" type=\"tel\" name=\"form_fields[field_13f8176]\" id=\"form-field-field_13f8176\" class=\"elementor-field elementor-size-sm  elementor-field-textual\" placeholder=\"Num\u00e9ro de t\u00e9l\u00e9phone\" pattern=\"[0-9()#&amp;+*-=.]+\" title=\"Seuls les caract\u00e8res de num\u00e9ros de t\u00e9l\u00e9phone (#, -, *, etc.) sont accept\u00e9s.\">\n\n\t\t\t\t\t\t<\/div>\n\t\t\t\t\t\t\t\t<div class=\"elementor-field-type-email elementor-field-group elementor-column elementor-field-group-email elementor-col-50 elementor-field-required\">\n\t\t\t\t\t\t\t\t\t\t\t\t<label for=\"form-field-email\" class=\"elementor-field-label elementor-screen-only\">\n\t\t\t\t\t\t\t\tEmail \t\t\t\t\t\t\t<\/label>\n\t\t\t\t\t\t\t\t\t\t\t\t\t\t<input size=\"1\" type=\"email\" name=\"form_fields[email]\" id=\"form-field-email\" class=\"elementor-field elementor-size-sm  elementor-field-textual\" placeholder=\"Email \" required=\"required\">\n\t\t\t\t\t\t\t\t\t\t\t<\/div>\n\t\t\t\t\t\t\t\t<div class=\"elementor-field-type-text elementor-field-group elementor-column elementor-field-group-field_e09e076 elementor-col-50 elementor-field-required\">\n\t\t\t\t\t\t\t\t\t\t\t\t<label for=\"form-field-field_e09e076\" class=\"elementor-field-label elementor-screen-only\">\n\t\t\t\t\t\t\t\tSujet\t\t\t\t\t\t\t<\/label>\n\t\t\t\t\t\t\t\t\t\t\t\t\t\t<input size=\"1\" type=\"text\" name=\"form_fields[field_e09e076]\" id=\"form-field-field_e09e076\" class=\"elementor-field elementor-size-sm  elementor-field-textual\" placeholder=\"Sujet\" required=\"required\">\n\t\t\t\t\t\t\t\t\t\t\t<\/div>\n\t\t\t\t\t\t\t\t<div class=\"elementor-field-type-textarea elementor-field-group elementor-column elementor-field-group-field_8fc8fef elementor-col-100\">\n\t\t\t\t\t\t\t\t\t\t\t\t<label for=\"form-field-field_8fc8fef\" class=\"elementor-field-label elementor-screen-only\">\n\t\t\t\t\t\t\t\tMessage\t\t\t\t\t\t\t<\/label>\n\t\t\t\t\t\t<textarea class=\"elementor-field-textual elementor-field  elementor-size-sm\" name=\"form_fields[field_8fc8fef]\" id=\"form-field-field_8fc8fef\" rows=\"4\" placeholder=\"Message\"><\/textarea>\t\t\t\t<\/div>\n\t\t\t\t\t\t\t\t<div class=\"elementor-field-group elementor-column elementor-field-type-submit elementor-col-100 e-form__buttons\">\n\t\t\t\t\t<button class=\"elementor-button elementor-size-sm\" type=\"submit\">\n\t\t\t\t\t\t<span class=\"elementor-button-content-wrapper\">\n\t\t\t\t\t\t\t\t\t\t\t\t\t\t\t\t\t\t\t\t\t\t<span class=\"elementor-button-text\">Envoyez<\/span>\n\t\t\t\t\t\t\t\t\t\t\t\t\t<\/span>\n\t\t\t\t\t<\/button>\n\t\t\t\t<\/div>\n\t\t\t<\/div>\n\t\t<\/form>\n\t\t\t\t\t\t<\/div>\n\t\t\t\t<\/div>\n\t\t\t\t\t<\/div>\n\t\t<\/div>\n\t\t\t\t\t<\/div>\n\t\t<\/section>\n\t\t\t\t<\/div>\n\t\t","protected":false},"excerpt":{"rendered":"<p>Contactez nous Pour un rendez-vous, appelez nous s&rsquo;il vous pla\u00eet. Nous serons ravis de vous apportez notre soutient! T\u00e9l\u00e9phone:06-24-82-22-91 Adresse:26 rue de la Paix35800 Dinard Pour toutes vos demandes Nous vous invitons \u00e0 remplir le formulaire et serons heureux de r\u00e9pondre \u00e0 toutes vos questions dans les plus bref d\u00e9lais.<\/p>\n","protected":false},"author":1,"featured_media":1059,"parent":0,"menu_order":6,"comment_status":"closed","ping_status":"closed","template":"elementor_header_footer","meta":{"footnotes":""},"class_list":["post-19","page","type-page","status-publish","has-post-thumbnail","hentry"],"yoast_head":"<!-- This site is optimized with the Yoast SEO plugin v25.6 - https:\/\/yoast.com\/wordpress\/plugins\/seo\/ -->\n<title>Contact - Hopi<\/title>\n<meta name=\"description\" content=\"Expertises-Comptabilit\u00e9s-Strat\u00e9gie d&#039;Entreprise. Pour un rendez-vous, appelez nous.Nous serons ravis de vous apportez notre soutient. Tel: 06-24-82-22-91\" \/>\n<meta name=\"robots\" content=\"index, follow, max-snippet:-1, max-image-preview:large, max-video-preview:-1\" \/>\n<link rel=\"canonical\" href=\"https:\/\/hopi.bzh\/index.php\/contact\/\" \/>\n<meta property=\"og:locale\" content=\"fr_FR\" \/>\n<meta property=\"og:type\" content=\"article\" \/>\n<meta property=\"og:title\" content=\"Expertises-Comptabilit\u00e9s-Strat\u00e9gie d&#039;Entreprise.\" \/>\n<meta property=\"og:description\" content=\"Expertises-Comptabilit\u00e9s-Strat\u00e9gie d&#039;Entreprise. Pour un rendez-vous, appelez nous s&#039;il vous pla\u00eet.Nous serons ravis de vous apportez notre soutient!\" \/>\n<meta property=\"og:url\" content=\"https:\/\/hopi.bzh\/index.php\/contact\/\" \/>\n<meta property=\"og:site_name\" content=\"Hopi\" \/>\n<meta property=\"article:modified_time\" content=\"2022-05-02T15:22:29+00:00\" \/>\n<meta property=\"og:image\" content=\"https:\/\/hopi.bzh\/wp-content\/uploads\/2021\/04\/hopi-logo.png\" \/>\n\t<meta property=\"og:image:width\" content=\"1059\" \/>\n\t<meta property=\"og:image:height\" content=\"510\" \/>\n\t<meta property=\"og:image:type\" content=\"image\/png\" \/>\n<meta name=\"twitter:card\" content=\"summary_large_image\" \/>\n<meta name=\"twitter:label1\" content=\"Dur\u00e9e de lecture estim\u00e9e\" \/>\n\t<meta name=\"twitter:data1\" content=\"1 minute\" \/>\n<script type=\"application\/ld+json\" class=\"yoast-schema-graph\">{\"@context\":\"https:\/\/schema.org\",\"@graph\":[{\"@type\":\"WebPage\",\"@id\":\"https:\/\/hopi.bzh\/index.php\/contact\/\",\"url\":\"https:\/\/hopi.bzh\/index.php\/contact\/\",\"name\":\"Contact - Hopi\",\"isPartOf\":{\"@id\":\"https:\/\/hopi.bzh\/#website\"},\"primaryImageOfPage\":{\"@id\":\"https:\/\/hopi.bzh\/index.php\/contact\/#primaryimage\"},\"image\":{\"@id\":\"https:\/\/hopi.bzh\/index.php\/contact\/#primaryimage\"},\"thumbnailUrl\":\"https:\/\/hopi.bzh\/wp-content\/uploads\/2021\/07\/hopi-girl-e1631008411225.png\",\"datePublished\":\"2021-04-07T10:53:14+00:00\",\"dateModified\":\"2022-05-02T15:22:29+00:00\",\"description\":\"Expertises-Comptabilit\u00e9s-Strat\u00e9gie d'Entreprise. Pour un rendez-vous, appelez nous.Nous serons ravis de vous apportez notre soutient. Tel: 06-24-82-22-91\",\"breadcrumb\":{\"@id\":\"https:\/\/hopi.bzh\/index.php\/contact\/#breadcrumb\"},\"inLanguage\":\"fr-FR\",\"potentialAction\":[{\"@type\":\"ReadAction\",\"target\":[\"https:\/\/hopi.bzh\/index.php\/contact\/\"]}]},{\"@type\":\"ImageObject\",\"inLanguage\":\"fr-FR\",\"@id\":\"https:\/\/hopi.bzh\/index.php\/contact\/#primaryimage\",\"url\":\"https:\/\/hopi.bzh\/wp-content\/uploads\/2021\/07\/hopi-girl-e1631008411225.png\",\"contentUrl\":\"https:\/\/hopi.bzh\/wp-content\/uploads\/2021\/07\/hopi-girl-e1631008411225.png\",\"width\":400,\"height\":600},{\"@type\":\"BreadcrumbList\",\"@id\":\"https:\/\/hopi.bzh\/index.php\/contact\/#breadcrumb\",\"itemListElement\":[{\"@type\":\"ListItem\",\"position\":1,\"name\":\"Accueil\",\"item\":\"https:\/\/hopi.bzh\/\"},{\"@type\":\"ListItem\",\"position\":2,\"name\":\"Contact\"}]},{\"@type\":\"WebSite\",\"@id\":\"https:\/\/hopi.bzh\/#website\",\"url\":\"https:\/\/hopi.bzh\/\",\"name\":\"Hopi\",\"description\":\"Conseil en strat\u00e9gie d&#039;entreprise.\",\"publisher\":{\"@id\":\"https:\/\/hopi.bzh\/#organization\"},\"potentialAction\":[{\"@type\":\"SearchAction\",\"target\":{\"@type\":\"EntryPoint\",\"urlTemplate\":\"https:\/\/hopi.bzh\/?s={search_term_string}\"},\"query-input\":{\"@type\":\"PropertyValueSpecification\",\"valueRequired\":true,\"valueName\":\"search_term_string\"}}],\"inLanguage\":\"fr-FR\"},{\"@type\":\"Organization\",\"@id\":\"https:\/\/hopi.bzh\/#organization\",\"name\":\"Hopi\",\"url\":\"https:\/\/hopi.bzh\/\",\"logo\":{\"@type\":\"ImageObject\",\"inLanguage\":\"fr-FR\",\"@id\":\"https:\/\/hopi.bzh\/#\/schema\/logo\/image\/\",\"url\":\"https:\/\/hopi.bzh\/wp-content\/uploads\/2021\/04\/Logo-hopi-horizontale-texte.png\",\"contentUrl\":\"https:\/\/hopi.bzh\/wp-content\/uploads\/2021\/04\/Logo-hopi-horizontale-texte.png\",\"width\":1599,\"height\":307,\"caption\":\"Hopi\"},\"image\":{\"@id\":\"https:\/\/hopi.bzh\/#\/schema\/logo\/image\/\"}}]}<\/script>\n<!-- \/ Yoast SEO plugin. -->","yoast_head_json":{"title":"Contact - Hopi","description":"Expertises-Comptabilit\u00e9s-Strat\u00e9gie d'Entreprise. Pour un rendez-vous, appelez nous.Nous serons ravis de vous apportez notre soutient. Tel: 06-24-82-22-91","robots":{"index":"index","follow":"follow","max-snippet":"max-snippet:-1","max-image-preview":"max-image-preview:large","max-video-preview":"max-video-preview:-1"},"canonical":"https:\/\/hopi.bzh\/index.php\/contact\/","og_locale":"fr_FR","og_type":"article","og_title":"Expertises-Comptabilit\u00e9s-Strat\u00e9gie d'Entreprise.","og_description":"Expertises-Comptabilit\u00e9s-Strat\u00e9gie d'Entreprise. Pour un rendez-vous, appelez nous s'il vous pla\u00eet.Nous serons ravis de vous apportez notre soutient!","og_url":"https:\/\/hopi.bzh\/index.php\/contact\/","og_site_name":"Hopi","article_modified_time":"2022-05-02T15:22:29+00:00","og_image":[{"width":1059,"height":510,"url":"https:\/\/hopi.bzh\/wp-content\/uploads\/2021\/04\/hopi-logo.png","type":"image\/png"}],"twitter_card":"summary_large_image","twitter_misc":{"Dur\u00e9e de lecture estim\u00e9e":"1 minute"},"schema":{"@context":"https:\/\/schema.org","@graph":[{"@type":"WebPage","@id":"https:\/\/hopi.bzh\/index.php\/contact\/","url":"https:\/\/hopi.bzh\/index.php\/contact\/","name":"Contact - Hopi","isPartOf":{"@id":"https:\/\/hopi.bzh\/#website"},"primaryImageOfPage":{"@id":"https:\/\/hopi.bzh\/index.php\/contact\/#primaryimage"},"image":{"@id":"https:\/\/hopi.bzh\/index.php\/contact\/#primaryimage"},"thumbnailUrl":"https:\/\/hopi.bzh\/wp-content\/uploads\/2021\/07\/hopi-girl-e1631008411225.png","datePublished":"2021-04-07T10:53:14+00:00","dateModified":"2022-05-02T15:22:29+00:00","description":"Expertises-Comptabilit\u00e9s-Strat\u00e9gie d'Entreprise. Pour un rendez-vous, appelez nous.Nous serons ravis de vous apportez notre soutient. Tel: 06-24-82-22-91","breadcrumb":{"@id":"https:\/\/hopi.bzh\/index.php\/contact\/#breadcrumb"},"inLanguage":"fr-FR","potentialAction":[{"@type":"ReadAction","target":["https:\/\/hopi.bzh\/index.php\/contact\/"]}]},{"@type":"ImageObject","inLanguage":"fr-FR","@id":"https:\/\/hopi.bzh\/index.php\/contact\/#primaryimage","url":"https:\/\/hopi.bzh\/wp-content\/uploads\/2021\/07\/hopi-girl-e1631008411225.png","contentUrl":"https:\/\/hopi.bzh\/wp-content\/uploads\/2021\/07\/hopi-girl-e1631008411225.png","width":400,"height":600},{"@type":"BreadcrumbList","@id":"https:\/\/hopi.bzh\/index.php\/contact\/#breadcrumb","itemListElement":[{"@type":"ListItem","position":1,"name":"Accueil","item":"https:\/\/hopi.bzh\/"},{"@type":"ListItem","position":2,"name":"Contact"}]},{"@type":"WebSite","@id":"https:\/\/hopi.bzh\/#website","url":"https:\/\/hopi.bzh\/","name":"Hopi","description":"Conseil en strat\u00e9gie d&#039;entreprise.","publisher":{"@id":"https:\/\/hopi.bzh\/#organization"},"potentialAction":[{"@type":"SearchAction","target":{"@type":"EntryPoint","urlTemplate":"https:\/\/hopi.bzh\/?s={search_term_string}"},"query-input":{"@type":"PropertyValueSpecification","valueRequired":true,"valueName":"search_term_string"}}],"inLanguage":"fr-FR"},{"@type":"Organization","@id":"https:\/\/hopi.bzh\/#organization","name":"Hopi","url":"https:\/\/hopi.bzh\/","logo":{"@type":"ImageObject","inLanguage":"fr-FR","@id":"https:\/\/hopi.bzh\/#\/schema\/logo\/image\/","url":"https:\/\/hopi.bzh\/wp-content\/uploads\/2021\/04\/Logo-hopi-horizontale-texte.png","contentUrl":"https:\/\/hopi.bzh\/wp-content\/uploads\/2021\/04\/Logo-hopi-horizontale-texte.png","width":1599,"height":307,"caption":"Hopi"},"image":{"@id":"https:\/\/hopi.bzh\/#\/schema\/logo\/image\/"}}]}},"_links":{"self":[{"href":"https:\/\/hopi.bzh\/index.php\/wp-json\/wp\/v2\/pages\/19"}],"collection":[{"href":"https:\/\/hopi.bzh\/index.php\/wp-json\/wp\/v2\/pages"}],"about":[{"href":"https:\/\/hopi.bzh\/index.php\/wp-json\/wp\/v2\/types\/page"}],"author":[{"embeddable":true,"href":"https:\/\/hopi.bzh\/index.php\/wp-json\/wp\/v2\/users\/1"}],"replies":[{"embeddable":true,"href":"https:\/\/hopi.bzh\/index.php\/wp-json\/wp\/v2\/comments?post=19"}],"version-history":[{"count":86,"href":"https:\/\/hopi.bzh\/index.php\/wp-json\/wp\/v2\/pages\/19\/revisions"}],"predecessor-version":[{"id":1860,"href":"https:\/\/hopi.bzh\/index.php\/wp-json\/wp\/v2\/pages\/19\/revisions\/1860"}],"wp:featuredmedia":[{"embeddable":true,"href":"https:\/\/hopi.bzh\/index.php\/wp-json\/wp\/v2\/media\/1059"}],"wp:attachment":[{"href":"https:\/\/hopi.bzh\/index.php\/wp-json\/wp\/v2\/media?parent=19"}],"curies":[{"name":"wp","href":"https:\/\/api.w.org\/{rel}","templated":true}]}}